{"id":77,"date":"2011-10-28T23:37:16","date_gmt":"2011-10-28T23:37:16","guid":{"rendered":"http:\/\/alex-broderie.nexenservices.com\/?page_id=77"},"modified":"2024-05-06T23:53:27","modified_gmt":"2024-05-06T21:53:27","slug":"broderie-avions","status":"publish","type":"page","link":"https:\/\/www.alex-broderie.fr\/index.php\/accueil\/comment-suis-je-equipe\/broderie-avions\/","title":{"rendered":"Broderie avions"},"content":{"rendered":"<p>Et oui, j&rsquo;ai une grande passion pour les avions et en particulier les avions \u00e0 h\u00e9lice.<\/p>\n<p>Comme le disait deux tr\u00e9s grands comiques fran\u00e7ais:<\/p>\n<p>&#8211; Y a pas d&rsquo;h\u00e9lice h\u00e9las !<\/p>\n<p>&#8211; C&rsquo;est la qu&rsquo;est l&rsquo;os !<\/p>\n<p>Voici quelques exemples des r\u00e9alisations Alex broderie<\/p>\n<p><a href=\"http:\/\/www.alex-broderie.fr\/wp-content\/uploads\/2011\/10\/stampe-tranche-fini1.jpg\"><img loading=\"lazy\" decoding=\"async\" class=\"alignnone size-medium wp-image-194\" title=\"stampe tranche fini\" alt=\"\" src=\"http:\/\/www.alex-broderie.fr\/wp-content\/uploads\/2011\/10\/stampe-tranche-fini1-262x300.jpg\" width=\"262\" height=\"300\" \/><\/a> <a href=\"http:\/\/www.alex-broderie.fr\/wp-content\/uploads\/2011\/10\/STAMPE-FACE1.jpg\"><img loading=\"lazy\" decoding=\"async\" class=\"alignnone size-medium wp-image-79\" title=\"STAMPE FACE\" alt=\"\" src=\"http:\/\/www.alex-broderie.fr\/wp-content\/uploads\/2011\/10\/STAMPE-FACE1-300x105.jpg\" width=\"300\" height=\"105\" \/><\/a><\/p>\n<p><a href=\"http:\/\/www.alex-broderie.fr\/wp-content\/uploads\/2011\/10\/IMG_3067.jpg\"><img loading=\"lazy\" decoding=\"async\" class=\"alignnone size-medium wp-image-143\" title=\"IMG_3067\" alt=\"\" src=\"http:\/\/www.alex-broderie.fr\/wp-content\/uploads\/2011\/10\/IMG_3067-300x223.jpg\" width=\"264\" height=\"201\" \/><\/a> <a href=\"http:\/\/www.alex-broderie.fr\/wp-content\/uploads\/2011\/10\/IMG_3068.jpg\"><img loading=\"lazy\" decoding=\"async\" class=\"alignnone size-medium wp-image-142\" title=\"IMG_3068\" alt=\"\" src=\"http:\/\/www.alex-broderie.fr\/wp-content\/uploads\/2011\/10\/IMG_3068-300x204.jpg\" width=\"300\" height=\"204\" \/><\/a><\/p>\n<p>Et Voici ci dessous l&rsquo;utilisation d&rsquo;un motif d\u00e9j\u00e0 developp\u00e9 mais customis\u00e9 pour une application sur Tee Shirt.<\/p>\n<p><a href=\"http:\/\/www.alex-broderie.fr\/wp-content\/uploads\/2011\/10\/IMG_3066.jpg\"><img loading=\"lazy\" decoding=\"async\" class=\"alignnone size-medium wp-image-144\" title=\"IMG_3066\" alt=\"\" src=\"http:\/\/www.alex-broderie.fr\/wp-content\/uploads\/2011\/10\/IMG_3066-300x200.jpg\" width=\"300\" height=\"200\" \/><\/a> <a href=\"http:\/\/www.alex-broderie.fr\/wp-content\/uploads\/2011\/10\/Broderie-Polo-constellation.jpg\"><img loading=\"lazy\" decoding=\"async\" class=\"alignnone size-medium wp-image-197\" title=\"Broderie Polo constellation\" alt=\"\" src=\"http:\/\/www.alex-broderie.fr\/wp-content\/uploads\/2011\/10\/Broderie-Polo-constellation-300x199.jpg\" width=\"300\" height=\"199\" \/><\/a><\/p>\n<p>Aller, encore d&rsquo; autres pour le fun.<\/p>\n<p><a href=\"http:\/\/www.alex-broderie.fr\/wp-content\/uploads\/2011\/10\/IMG_3076.jpg\"><img loading=\"lazy\" decoding=\"async\" class=\"alignnone size-medium wp-image-151\" title=\"IMG_3076\" alt=\"\" src=\"http:\/\/www.alex-broderie.fr\/wp-content\/uploads\/2011\/10\/IMG_3076-300x195.jpg\" width=\"278\" height=\"182\" \/><\/a> <a href=\"http:\/\/www.alex-broderie.fr\/wp-content\/uploads\/2011\/10\/IMG_3077.jpg\"><img loading=\"lazy\" decoding=\"async\" class=\"alignnone size-medium wp-image-152\" title=\"IMG_3077\" alt=\"\" src=\"http:\/\/www.alex-broderie.fr\/wp-content\/uploads\/2011\/10\/IMG_3077-300x185.jpg\" width=\"300\" height=\"185\" \/><\/a><a href=\"http:\/\/www.alex-broderie.fr\/wp-content\/uploads\/2011\/10\/Broderie-Constellation.jpg\"><img loading=\"lazy\" decoding=\"async\" class=\"alignnone size-medium wp-image-196\" title=\"Broderie Constellation\" alt=\"\" src=\"http:\/\/www.alex-broderie.fr\/wp-content\/uploads\/2011\/10\/Broderie-Constellation-300x231.jpg\" width=\"280\" height=\"220\" \/><\/a>\u00a0\u00a0\u00a0\u00a0\u00a0 <a href=\"http:\/\/www.alex-broderie.fr\/wp-content\/uploads\/2011\/10\/broderie-DR400-Tranche.jpg\"><img loading=\"lazy\" decoding=\"async\" class=\"alignnone size-medium wp-image-298\" alt=\"broderie DR400 Tranche\" src=\"http:\/\/www.alex-broderie.fr\/wp-content\/uploads\/2011\/10\/broderie-DR400-Tranche-300x199.jpg\" width=\"300\" height=\"199\" \/><\/a> <a href=\"http:\/\/www.alex-broderie.fr\/wp-content\/uploads\/2011\/10\/broderie-DR400.jpg\"><img loading=\"lazy\" decoding=\"async\" class=\"alignnone size-medium wp-image-299\" alt=\"broderie DR400\" src=\"http:\/\/www.alex-broderie.fr\/wp-content\/uploads\/2011\/10\/broderie-DR400-300x193.jpg\" width=\"300\" height=\"193\" \/><\/a> <a href=\"http:\/\/www.alex-broderie.fr\/wp-content\/uploads\/2011\/10\/broderie-guepard.jpg\"><img loading=\"lazy\" decoding=\"async\" class=\"alignnone size-medium wp-image-300\" alt=\"broderie guepard\" src=\"http:\/\/www.alex-broderie.fr\/wp-content\/uploads\/2011\/10\/broderie-guepard-300x119.jpg\" width=\"300\" height=\"119\" \/><\/a> <a href=\"http:\/\/www.alex-broderie.fr\/wp-content\/uploads\/2011\/10\/broderie-Rafale.jpg\"><img loading=\"lazy\" decoding=\"async\" class=\"alignnone size-medium wp-image-301\" alt=\"broderie Rafale\" src=\"http:\/\/www.alex-broderie.fr\/wp-content\/uploads\/2011\/10\/broderie-Rafale-300x194.jpg\" width=\"300\" height=\"194\" \/><\/a> <a href=\"http:\/\/www.alex-broderie.fr\/wp-content\/uploads\/2011\/10\/Stearman-PT17.jpg\"><img loading=\"lazy\" decoding=\"async\" class=\"alignnone size-medium wp-image-302\" alt=\"Stearman PT17\" src=\"http:\/\/www.alex-broderie.fr\/wp-content\/uploads\/2011\/10\/Stearman-PT17-300x208.jpg\" width=\"300\" height=\"208\" \/><\/a><\/p>\n<p>Le Dewoitine est le m\u00eame que celui r\u00e9alis\u00e9 sur la casquette. Il est juste \u00e0 une autre \u00e9chelle. Ici il est \u00e0 peut pret deux fois plus grand que sur la casquette, c&rsquo;est \u00e0 dire de l&rsquo;ordre de 25 cm de long. De quoi remplir un dos sans probl\u00e9me. Il faut juste mettre un linge parce que je ne peut pas broder directement sur le dos. Ca pique !<\/p>\n<p>Promis, je vais en faire d&rsquo;autres. Si vous voulez un mod\u00e9le en particulier, n&rsquo;h\u00e9sitez pas \u00e0 demander.<\/p>\n<p>Alex broderie peut aussi faire la m\u00eame chose avec les voitures bien entendu.<\/p>\n<p>&nbsp;<\/p>\n","protected":false},"excerpt":{"rendered":"<p>Et oui, j&rsquo;ai une grande passion pour les avions et en particulier les avions \u00e0 h\u00e9lice. Comme le disait deux tr\u00e9s grands comiques fran\u00e7ais: &#8211; Y a pas d&rsquo;h\u00e9lice h\u00e9las ! &#8211; C&rsquo;est la qu&rsquo;est l&rsquo;os ! Voici quelques exemples des r\u00e9alisations Alex broderie Et Voici ci dessous l&rsquo;utilisation d&rsquo;un motif d\u00e9j\u00e0 developp\u00e9 mais customis\u00e9 [&hellip;]<\/p>\n","protected":false},"author":2,"featured_media":0,"parent":10,"menu_order":1,"comment_status":"closed","ping_status":"closed","template":"","meta":{"footnotes":""},"class_list":["post-77","page","type-page","status-publish","hentry"],"_links":{"self":[{"href":"https:\/\/www.alex-broderie.fr\/index.php\/wp-json\/wp\/v2\/pages\/77","targetHints":{"allow":["GET"]}}],"collection":[{"href":"https:\/\/www.alex-broderie.fr\/index.php\/wp-json\/wp\/v2\/pages"}],"about":[{"href":"https:\/\/www.alex-broderie.fr\/index.php\/wp-json\/wp\/v2\/types\/page"}],"author":[{"embeddable":true,"href":"https:\/\/www.alex-broderie.fr\/index.php\/wp-json\/wp\/v2\/users\/2"}],"replies":[{"embeddable":true,"href":"https:\/\/www.alex-broderie.fr\/index.php\/wp-json\/wp\/v2\/comments?post=77"}],"version-history":[{"count":1,"href":"https:\/\/www.alex-broderie.fr\/index.php\/wp-json\/wp\/v2\/pages\/77\/revisions"}],"predecessor-version":[{"id":1763,"href":"https:\/\/www.alex-broderie.fr\/index.php\/wp-json\/wp\/v2\/pages\/77\/revisions\/1763"}],"up":[{"embeddable":true,"href":"https:\/\/www.alex-broderie.fr\/index.php\/wp-json\/wp\/v2\/pages\/10"}],"wp:attachment":[{"href":"https:\/\/www.alex-broderie.fr\/index.php\/wp-json\/wp\/v2\/media?parent=77"}],"curies":[{"name":"wp","href":"https:\/\/api.w.org\/{rel}","templated":true}]}}