{"id":7,"date":"2011-08-08T21:20:33","date_gmt":"2011-08-08T21:20:33","guid":{"rendered":"http:\/\/alex-broderie.nexenservices.com\/?page_id=5"},"modified":"2024-05-06T23:51:04","modified_gmt":"2024-05-06T21:51:04","slug":"qui-suis-je","status":"publish","type":"page","link":"https:\/\/www.alex-broderie.fr\/index.php\/qui-suis-je\/","title":{"rendered":"Qui suis-je ?"},"content":{"rendered":"<p>Je suis n\u00e9 en Lorraine dans la bonne ville de Nancy pendant les \u00e9v\u00e9nements de Mai 1968.<\/p>\n<p>Je suis descendu dans le sud de la France pour mes \u00e9tudes et y suis rest\u00e9 pour travailler dans l\u2019aviation, ma premi\u00e8re passion.<\/p>\n<p>La crise de la quarantaine venant, et consid\u00e9rant qu\u2019on est jamais trop prudent, je me suis cherch\u00e9 une autre activit\u00e9 en plus de mon m\u00e9tier premier.<\/p>\n<p>\u00c9tant de nature cr\u00e9ative, et toujours int\u00e9ress\u00e9 par la technique, je me suis lanc\u00e9 dans la broderie et suis maintenant \u00e0 votre disposition.<\/p>\n<p>Dans la vie, je m\u2019occupe avant tout de ma femme et de mes 3 enfants, de mon premier m\u00e9tier de cadre en a\u00e9ronautique, de mes activit\u00e9s associatives, et enfin, gr\u00e2ce aux passionnants programmes de nos multiples cha\u00eenes de t\u00e9l\u00e9vision, il me reste du temps pour pouvoir vous servir et r\u00e9aliser de la broderie.<\/p>\n<p>Je vous rassure \u00e0 mes temps perdus, je me permet de dormir quelque peu.<\/p>\n<p>N&rsquo;h\u00e9sitez pas \u00e0 me contacter pour que je puisse vous faire un devis. J&rsquo;essaye de r\u00e9pondre rapidement aux demandes divers et vari\u00e9es.\u00a0Je m&rsquo;arrange \u00e9galement pour\u00a0tenir les d\u00e9lais convenus.<\/p>\n<p>Je travail sous le status d&rsquo;auto entrepreneur. J&rsquo;ai donc un num\u00e9ro de SIRET qui me permet de facturer en bonne et due forme.<\/p>\n","protected":false},"excerpt":{"rendered":"<p>Je suis n\u00e9 en Lorraine dans la bonne ville de Nancy pendant les \u00e9v\u00e9nements de Mai 1968. Je suis descendu dans le sud de la France pour mes \u00e9tudes et y suis rest\u00e9 pour travailler dans l\u2019aviation, ma premi\u00e8re passion. La crise de la quarantaine venant, et consid\u00e9rant qu\u2019on est jamais trop prudent, je me [&hellip;]<\/p>\n","protected":false},"author":2,"featured_media":0,"parent":0,"menu_order":0,"comment_status":"closed","ping_status":"closed","template":"","meta":{"footnotes":""},"class_list":["post-7","page","type-page","status-publish","hentry"],"_links":{"self":[{"href":"https:\/\/www.alex-broderie.fr\/index.php\/wp-json\/wp\/v2\/pages\/7","targetHints":{"allow":["GET"]}}],"collection":[{"href":"https:\/\/www.alex-broderie.fr\/index.php\/wp-json\/wp\/v2\/pages"}],"about":[{"href":"https:\/\/www.alex-broderie.fr\/index.php\/wp-json\/wp\/v2\/types\/page"}],"author":[{"embeddable":true,"href":"https:\/\/www.alex-broderie.fr\/index.php\/wp-json\/wp\/v2\/users\/2"}],"replies":[{"embeddable":true,"href":"https:\/\/www.alex-broderie.fr\/index.php\/wp-json\/wp\/v2\/comments?post=7"}],"version-history":[{"count":1,"href":"https:\/\/www.alex-broderie.fr\/index.php\/wp-json\/wp\/v2\/pages\/7\/revisions"}],"predecessor-version":[{"id":1777,"href":"https:\/\/www.alex-broderie.fr\/index.php\/wp-json\/wp\/v2\/pages\/7\/revisions\/1777"}],"wp:attachment":[{"href":"https:\/\/www.alex-broderie.fr\/index.php\/wp-json\/wp\/v2\/media?parent=7"}],"curies":[{"name":"wp","href":"https:\/\/api.w.org\/{rel}","templated":true}]}}