{"id":395,"date":"2015-02-03T22:16:08","date_gmt":"2015-02-03T22:16:08","guid":{"rendered":"http:\/\/www.alex-broderie.fr\/?page_id=395"},"modified":"2024-05-06T23:53:27","modified_gmt":"2024-05-06T21:53:27","slug":"ecussons-scout-since","status":"publish","type":"page","link":"https:\/\/www.alex-broderie.fr\/index.php\/accueil\/comment-suis-je-equipe\/ecussons-scout-since\/","title":{"rendered":"Ecussons Scout Since&#8230;."},"content":{"rendered":"<p><a href=\"http:\/\/www.alex-broderie.fr\/wp-content\/uploads\/2015\/02\/Broderie-Badge-Alexandre.jpg\"><img loading=\"lazy\" decoding=\"async\" class=\"alignnone  wp-image-396\" src=\"http:\/\/www.alex-broderie.fr\/wp-content\/uploads\/2015\/02\/Broderie-Badge-Alexandre-290x300.jpg\" alt=\"Broderie Badge Alexandre\" width=\"180\" height=\"187\" \/><\/a><\/p>\n<p>Et voila l&rsquo;\u00e9cusson indispensable \u00e0 tout scout et guide.<\/p>\n<p>A chaque rassemblement ou formation, nous avons droit \u00e0 notre pince \u00e0 linge ou notre \u00e9tiquette avec notre nom dessus. Je vous propose l&rsquo;\u00e9cusson bio qui va r\u00e9soudre le probl\u00e9me.<\/p>\n<p>Un \u00e9cusson \u00e0 coudre ou l&rsquo;on veut (je recommande sur sa chemise).<\/p>\n<p>On peut faire vari\u00e9 la couleur de chacun des \u00e9l\u00e9ments de l&rsquo;\u00e9cusson.<\/p>\n<p>Pour simplifier, j&rsquo;ai \u00e9tablie un bon de commande regroupant toutes les informations necessaires pour obtenir son \u00e9cusson perso \u00e0 soi qu&rsquo;on a pour nous tout seul.<\/p>\n<p>Le tarif : 5\u20ac pi\u00e9ce<\/p>\n<p>Le tarif de groupe est \u00e0 n\u00e9gocier \u00e0 partir de 20 pi\u00e9ces.<\/p>\n<p>Le fiancement: tout extra job qui va bien mais je recommande la vente de gateau \u00e0 la sorti de la messe. (voir dans la partie Scouts)<\/p>\n<p><a href=\"https:\/\/www.alex-broderie.fr\/?attachment_id=\" rel=\"attachment wp-att-397\">Bon de commande \u00e9cusson Scout Since<\/a><\/p>\n<p>Maintenant que vous savez ou trouver cet \u00e9cusson qui fait d\u00e9j\u00e0 le bonheur de beaucoup, n&rsquo;h\u00e9sitez pas.<\/p>\n","protected":false},"excerpt":{"rendered":"<p>Et voila l&rsquo;\u00e9cusson indispensable \u00e0 tout scout et guide. A chaque rassemblement ou formation, nous avons droit \u00e0 notre pince \u00e0 linge ou notre \u00e9tiquette avec notre nom dessus. Je vous propose l&rsquo;\u00e9cusson bio qui va r\u00e9soudre le probl\u00e9me. Un \u00e9cusson \u00e0 coudre ou l&rsquo;on veut (je recommande sur sa chemise). On peut faire vari\u00e9 [&hellip;]<\/p>\n","protected":false},"author":2,"featured_media":0,"parent":10,"menu_order":0,"comment_status":"closed","ping_status":"closed","template":"","meta":{"footnotes":""},"class_list":["post-395","page","type-page","status-publish","hentry"],"_links":{"self":[{"href":"https:\/\/www.alex-broderie.fr\/index.php\/wp-json\/wp\/v2\/pages\/395","targetHints":{"allow":["GET"]}}],"collection":[{"href":"https:\/\/www.alex-broderie.fr\/index.php\/wp-json\/wp\/v2\/pages"}],"about":[{"href":"https:\/\/www.alex-broderie.fr\/index.php\/wp-json\/wp\/v2\/types\/page"}],"author":[{"embeddable":true,"href":"https:\/\/www.alex-broderie.fr\/index.php\/wp-json\/wp\/v2\/users\/2"}],"replies":[{"embeddable":true,"href":"https:\/\/www.alex-broderie.fr\/index.php\/wp-json\/wp\/v2\/comments?post=395"}],"version-history":[{"count":2,"href":"https:\/\/www.alex-broderie.fr\/index.php\/wp-json\/wp\/v2\/pages\/395\/revisions"}],"predecessor-version":[{"id":1761,"href":"https:\/\/www.alex-broderie.fr\/index.php\/wp-json\/wp\/v2\/pages\/395\/revisions\/1761"}],"up":[{"embeddable":true,"href":"https:\/\/www.alex-broderie.fr\/index.php\/wp-json\/wp\/v2\/pages\/10"}],"wp:attachment":[{"href":"https:\/\/www.alex-broderie.fr\/index.php\/wp-json\/wp\/v2\/media?parent=395"}],"curies":[{"name":"wp","href":"https:\/\/api.w.org\/{rel}","templated":true}]}}