{"id":342,"date":"2014-08-19T23:36:01","date_gmt":"2014-08-19T23:36:01","guid":{"rendered":"http:\/\/www.alex-broderie.fr\/?page_id=342"},"modified":"2024-05-06T23:53:27","modified_gmt":"2024-05-06T21:53:27","slug":"broderie-de-vos-armes-familiales","status":"publish","type":"page","link":"https:\/\/www.alex-broderie.fr\/index.php\/accueil\/comment-suis-je-equipe\/broderie-de-vos-armes-familiales\/","title":{"rendered":"Broderie de vos armes familiales"},"content":{"rendered":"<p>\u00a0Dans le cadre de sa diversification, Alex-Broderie \u00e9volue et se met \u00e0 l&rsquo;H\u00e9raldique.<\/p>\n<p>En fait, \u00e7a fait tr\u00e9s longtemps que je m&rsquo;y interesse et je concr\u00e9tise.<\/p>\n<p>Je vous pr\u00e9sente donc ma premi\u00e8re r\u00e9alisation. Il s&rsquo;agit des armes d&rsquo;une famille que j&rsquo;ai r\u00e9alis\u00e9 en \u00e9cussons que j&rsquo;ai ensuite cousu sur un tapi de selle.<\/p>\n<p>\u00a0<a href=\"http:\/\/www.alex-broderie.fr\/wp-content\/uploads\/2014\/08\/Broderie-de-blason.jpg\"><img loading=\"lazy\" decoding=\"async\" class=\"alignnone size-medium wp-image-344\" alt=\"Broderie de blason\" src=\"http:\/\/www.alex-broderie.fr\/wp-content\/uploads\/2014\/08\/Broderie-de-blason-300x200.jpg\" width=\"300\" height=\"200\" \/><\/a> <a href=\"http:\/\/www.alex-broderie.fr\/wp-content\/uploads\/2014\/08\/Blason-brod\u00e9.jpg\"><img loading=\"lazy\" decoding=\"async\" class=\"alignnone size-medium wp-image-343\" alt=\"Blason brod\u00e9\" src=\"http:\/\/www.alex-broderie.fr\/wp-content\/uploads\/2014\/08\/Blason-brod\u00e9-200x300.jpg\" width=\"200\" height=\"300\" \/><\/a><\/p>\n<p>Je rappelle juste une des r\u00e9gles principales de l&rsquo;h\u00e9raldique: \u00ab\u00a0On ne s&rsquo;attribue pas le blason d&rsquo;un autre\u00a0\u00bb.<\/p>\n<p>Lors de vos demandes,\u00a0je ne v\u00e9rifierais pas l&rsquo;authenticit\u00e9 de votre blason et je ne saurais\u00a0\u00eatre tenu pour responsable en cas d&rsquo;usurpation.\u00a0\u00a0<\/p>\n<p>Je peux border sur tous types de support, comme polo, chemise (sur la poche), sur\u00a0un set de table (Nappe, et serviette de table), sur du\u00a0linge de maison (draps, oreillets, serviette de bain), etc.\u00a0\u00a0<\/p>\n<p>N&rsquo;h\u00e9sitez pas \u00e0 me soumettre vos projets<\/p>\n","protected":false},"excerpt":{"rendered":"<p>\u00a0Dans le cadre de sa diversification, Alex-Broderie \u00e9volue et se met \u00e0 l&rsquo;H\u00e9raldique. En fait, \u00e7a fait tr\u00e9s longtemps que je m&rsquo;y interesse et je concr\u00e9tise. Je vous pr\u00e9sente donc ma premi\u00e8re r\u00e9alisation. Il s&rsquo;agit des armes d&rsquo;une famille que j&rsquo;ai r\u00e9alis\u00e9 en \u00e9cussons que j&rsquo;ai ensuite cousu sur un tapi de selle. \u00a0 Je [&hellip;]<\/p>\n","protected":false},"author":2,"featured_media":0,"parent":10,"menu_order":0,"comment_status":"closed","ping_status":"closed","template":"","meta":{"footnotes":""},"class_list":["post-342","page","type-page","status-publish","hentry"],"_links":{"self":[{"href":"https:\/\/www.alex-broderie.fr\/index.php\/wp-json\/wp\/v2\/pages\/342","targetHints":{"allow":["GET"]}}],"collection":[{"href":"https:\/\/www.alex-broderie.fr\/index.php\/wp-json\/wp\/v2\/pages"}],"about":[{"href":"https:\/\/www.alex-broderie.fr\/index.php\/wp-json\/wp\/v2\/types\/page"}],"author":[{"embeddable":true,"href":"https:\/\/www.alex-broderie.fr\/index.php\/wp-json\/wp\/v2\/users\/2"}],"replies":[{"embeddable":true,"href":"https:\/\/www.alex-broderie.fr\/index.php\/wp-json\/wp\/v2\/comments?post=342"}],"version-history":[{"count":1,"href":"https:\/\/www.alex-broderie.fr\/index.php\/wp-json\/wp\/v2\/pages\/342\/revisions"}],"predecessor-version":[{"id":1758,"href":"https:\/\/www.alex-broderie.fr\/index.php\/wp-json\/wp\/v2\/pages\/342\/revisions\/1758"}],"up":[{"embeddable":true,"href":"https:\/\/www.alex-broderie.fr\/index.php\/wp-json\/wp\/v2\/pages\/10"}],"wp:attachment":[{"href":"https:\/\/www.alex-broderie.fr\/index.php\/wp-json\/wp\/v2\/media?parent=342"}],"curies":[{"name":"wp","href":"https:\/\/api.w.org\/{rel}","templated":true}]}}