{"id":169,"date":"2011-11-29T21:44:10","date_gmt":"2011-11-29T21:44:10","guid":{"rendered":"http:\/\/www.alex-broderie.fr\/?page_id=169"},"modified":"2024-05-06T23:53:28","modified_gmt":"2024-05-06T21:53:28","slug":"merci","status":"publish","type":"page","link":"https:\/\/www.alex-broderie.fr\/index.php\/merci\/","title":{"rendered":"Merci !"},"content":{"rendered":"<p>Merci pour votre message.<\/p>\n<p>Un email de confirmation vous a \u00e9t\u00e9 envoy\u00e9.<\/p>\n<p>Je vous contacterai d\u00e8s que possible.<\/p>\n","protected":false},"excerpt":{"rendered":"<p>Merci pour votre message. Un email de confirmation vous a \u00e9t\u00e9 envoy\u00e9. Je vous contacterai d\u00e8s que possible.<\/p>\n","protected":false},"author":2,"featured_media":0,"parent":0,"menu_order":0,"comment_status":"closed","ping_status":"closed","template":"","meta":{"footnotes":""},"class_list":["post-169","page","type-page","status-publish","hentry"],"_links":{"self":[{"href":"https:\/\/www.alex-broderie.fr\/index.php\/wp-json\/wp\/v2\/pages\/169","targetHints":{"allow":["GET"]}}],"collection":[{"href":"https:\/\/www.alex-broderie.fr\/index.php\/wp-json\/wp\/v2\/pages"}],"about":[{"href":"https:\/\/www.alex-broderie.fr\/index.php\/wp-json\/wp\/v2\/types\/page"}],"author":[{"embeddable":true,"href":"https:\/\/www.alex-broderie.fr\/index.php\/wp-json\/wp\/v2\/users\/2"}],"replies":[{"embeddable":true,"href":"https:\/\/www.alex-broderie.fr\/index.php\/wp-json\/wp\/v2\/comments?post=169"}],"version-history":[{"count":1,"href":"https:\/\/www.alex-broderie.fr\/index.php\/wp-json\/wp\/v2\/pages\/169\/revisions"}],"predecessor-version":[{"id":1769,"href":"https:\/\/www.alex-broderie.fr\/index.php\/wp-json\/wp\/v2\/pages\/169\/revisions\/1769"}],"wp:attachment":[{"href":"https:\/\/www.alex-broderie.fr\/index.php\/wp-json\/wp\/v2\/media?parent=169"}],"curies":[{"name":"wp","href":"https:\/\/api.w.org\/{rel}","templated":true}]}}