{"id":156,"date":"2011-11-13T22:23:27","date_gmt":"2011-11-13T22:23:27","guid":{"rendered":"http:\/\/alex-broderie.nexenservices.com\/?page_id=156"},"modified":"2024-05-06T23:53:27","modified_gmt":"2024-05-06T21:53:27","slug":"broderie-sur-combinaison-de-vol","status":"publish","type":"page","link":"https:\/\/www.alex-broderie.fr\/index.php\/accueil\/comment-suis-je-equipe\/broderie-sur-combinaison-de-vol\/","title":{"rendered":"Broderie sur combinaison de vol"},"content":{"rendered":"<p>Alex broderie se sp\u00e9cialise dans la personnalisation, entre autres, de combinaisons.<\/p>\n<p>Nous pouvons personnaliser\u00a0:<\/p>\n<ul>\n<li>Des bleus de travail destin\u00e9s \u00e0 des particuliers ou des associations,<\/li>\n<li>Des combinaisons de vol<\/li>\n<li>Des combinaisons en 100% coton \u00e0 usage multiple.<\/li>\n<\/ul>\n<p>Toutes les combinaisons que nous proposons sont soit en tissu traiter anti feu genre NOMEX, ou en 100% coton. Nous ne proposons pas de combinaisons en poly coton. Bien que moins ch\u00e8res, elles sont moins agr\u00e9ables \u00e0 porter. De plus le 100% coton est nettement plus s\u00e9curisant que le poly coton en cas de bricolage, en particulier avec en atmosph\u00e8re chaude, c&rsquo;est-\u00e0-dire en cas de soudure par exemple. Le 100% coton r\u00e9siste nettement mieux au feu.<\/p>\n<p>Ce peut \u00eatre \u00e9galement utile si on les utilise comme combinaison de vol.<\/p>\n<p>Rappelons quand m\u00eame que contre le feu, rien ne vaut les mat\u00e9riels pr\u00e9vus \u00e0 cet effet.<\/p>\n<h2>Bleu de Travail\u00a0:<\/h2>\n<p>Vous trouverez ci-joint un exemple\u00a0: le mien.<\/p>\n<p>Les photos ci jointes repr\u00e9sentent le bleu que je me suis fais et que je mets sur des rassemblements automobile par exemple.<\/p>\n<p>\u00a0<a href=\"http:\/\/www.alex-broderie.fr\/wp-content\/uploads\/2011\/11\/2cv-dos.jpg\"><img loading=\"lazy\" decoding=\"async\" class=\"alignnone size-medium wp-image-189\" title=\"Broderie 2cv dos\" alt=\"\" src=\"http:\/\/www.alex-broderie.fr\/wp-content\/uploads\/2011\/11\/2cv-dos-300x207.jpg\" width=\"300\" height=\"207\" \/><\/a><a href=\"http:\/\/www.alex-broderie.fr\/wp-content\/uploads\/2011\/11\/broderie-bleu.jpg\"><img loading=\"lazy\" decoding=\"async\" class=\"alignnone size-medium wp-image-190\" title=\"broderie bleu\" alt=\"\" src=\"http:\/\/www.alex-broderie.fr\/wp-content\/uploads\/2011\/11\/broderie-bleu-232x300.jpg\" width=\"232\" height=\"300\" \/><\/a><\/p>\n<p>Alex broderie peut bien entendu effectuer le motif que vous souhaitez et y ajouter un message ou le nom du club.<\/p>\n<p>Le mod\u00e8le repr\u00e9sent\u00e9 est un mod\u00e8le bleu Bugatti classique. D\u2019autres teintes sont disponibles sur demande.<\/p>\n<h2>Combinaisons de vol\u00a0:<\/h2>\n<p>Alex broderie peut proposer \u00e9galement diff\u00e9rents types de combinaisons de vol.<\/p>\n<p>Ce sont g\u00e9n\u00e9ralement d\u2019anciennes combinaisons militaires, neuves ou d\u2019occasions. Elles sont g\u00e9n\u00e9ralement en tissu anti feu (genre NOMEX), mais peuvent aussi \u00eatre en 100% coton, en fonction des arrivages.<\/p>\n<p>Bien entendu les tarifs des combinaisons trait\u00e9 anti feu est plus ch\u00e8re que les combinaisons 100% coton. Elles sont g\u00e9n\u00e9ralement vertes ou beiges.<\/p>\n<p>En revanche les combinaisons en coton peuvent \u00eatre tr\u00e8s ais\u00e9ment teintes dans de nombreuses couleurs.<\/p>\n<p>Vous trouverez ci-dessous quelques exemples de personnalisation de combinaisons de vol. La verte est une combinaison de type transport de l\u2019arm\u00e9e fran\u00e7aise. La beige est un mod\u00e8le chasse \u00e9galement de l\u2019arm\u00e9e fran\u00e7aise.<\/p>\n<p><a href=\"http:\/\/www.alex-broderie.fr\/wp-content\/uploads\/2011\/11\/broderie-combinaison-de-vol.jpg\"><img loading=\"lazy\" decoding=\"async\" class=\"alignnone size-medium wp-image-191\" title=\"broderie combinaison de vol\" alt=\"\" src=\"http:\/\/www.alex-broderie.fr\/wp-content\/uploads\/2011\/11\/broderie-combinaison-de-vol-127x300.jpg\" width=\"127\" height=\"300\" \/><\/a><a href=\"http:\/\/www.alex-broderie.fr\/wp-content\/uploads\/2011\/11\/Broderie-dos-combinaison.jpg\"><img loading=\"lazy\" decoding=\"async\" class=\"alignnone size-medium wp-image-192\" title=\"Broderie dos combinaison\" alt=\"\" src=\"http:\/\/www.alex-broderie.fr\/wp-content\/uploads\/2011\/11\/Broderie-dos-combinaison-279x300.jpg\" width=\"279\" height=\"300\" \/><\/a><\/p>\n<p>\u00a0Un commande sp\u00e9ciale ou le propri\u00e9taire de l&rsquo;avion voulait une combinaison brod\u00e9e avec son profil d&rsquo;avion dans le dos avec son num\u00e9ro d&rsquo;immatriculation avec en plus un \u00e9cusson d&rsquo;\u00e9paule personnalis\u00e9. Voici le r\u00e9sultat.<\/p>\n<p><a href=\"http:\/\/www.alex-broderie.fr\/wp-content\/uploads\/2011\/11\/Broderie-combinaison-de-vol-WP967.jpg\"><img loading=\"lazy\" decoding=\"async\" class=\"alignnone size-medium wp-image-225\" alt=\"OLYMPUS DIGITAL CAMERA\" src=\"http:\/\/www.alex-broderie.fr\/wp-content\/uploads\/2011\/11\/Broderie-combinaison-de-vol-WP967-300x266.jpg\" width=\"300\" height=\"266\" \/><\/a>\u00a0 <a href=\"http:\/\/www.alex-broderie.fr\/wp-content\/uploads\/2011\/11\/broderie-combinaison-de-vol-chipmunck.jpg\"><img loading=\"lazy\" decoding=\"async\" class=\"alignnone size-medium wp-image-226\" alt=\"OLYMPUS DIGITAL CAMERA\" src=\"http:\/\/www.alex-broderie.fr\/wp-content\/uploads\/2011\/11\/broderie-combinaison-de-vol-chipmunck-300x197.jpg\" width=\"300\" height=\"197\" \/><\/a>\u00a0<\/p>\n<p>\u00a0<a href=\"http:\/\/www.alex-broderie.fr\/wp-content\/uploads\/2011\/11\/Ecusson-brod\u00e9-chipmunk.jpg\"><img loading=\"lazy\" decoding=\"async\" class=\"alignnone size-medium wp-image-292\" alt=\"Ecusson brod\u00e9 chipmunk\" src=\"http:\/\/www.alex-broderie.fr\/wp-content\/uploads\/2011\/11\/Ecusson-brod\u00e9-chipmunk-300x293.jpg\" width=\"300\" height=\"293\" \/><\/a><\/p>\n<p>Une autre commande ou le pilote m&rsquo;a fait parvenir une photio de son avion avec le souhait d&rsquo;avoir exactement sa photo brod\u00e9e dans le dos. Mission accomplie<\/p>\n<p><a href=\"http:\/\/www.alex-broderie.fr\/wp-content\/uploads\/2011\/11\/broderie-combinaison-de-vol-chipmunck-argent.jpg\"><img loading=\"lazy\" decoding=\"async\" class=\"alignnone size-medium wp-image-290\" alt=\"broderie combinaison de vol chipmunck argent\" src=\"http:\/\/www.alex-broderie.fr\/wp-content\/uploads\/2011\/11\/broderie-combinaison-de-vol-chipmunck-argent-300x188.jpg\" width=\"300\" height=\"188\" \/><\/a><\/p>\n<p>Je dispose d&rsquo;un stock de combinaisons en nomex (anti feu) ou en polycoton dans pas mal de taille. Donc n&rsquo;h\u00e9sitez pas \u00e0 me contacter pour conna\u00eetre l&rsquo;\u00e9tat de mon stock et trouver celle qui vous ira. On verra pour la broderie ensuite.<\/p>\n<p>D&rsquo;autres exemples de combinaisons brod\u00e9es.<\/p>\n<p><a href=\"http:\/\/www.alex-broderie.fr\/wp-content\/uploads\/2011\/11\/Broderie-bande-partonymique.jpg\"><img loading=\"lazy\" decoding=\"async\" class=\"alignnone size-medium wp-image-321\" alt=\"Broderie bande partonymique\" src=\"http:\/\/www.alex-broderie.fr\/wp-content\/uploads\/2011\/11\/Broderie-bande-partonymique-300x200.jpg\" width=\"300\" height=\"200\" \/><\/a>\u00a0 <a href=\"http:\/\/www.alex-broderie.fr\/wp-content\/uploads\/2011\/11\/broderie-Bucker-IT.jpg\"><img loading=\"lazy\" decoding=\"async\" class=\"alignnone size-medium wp-image-326\" alt=\"broderie  Bucker IT\" src=\"http:\/\/www.alex-broderie.fr\/wp-content\/uploads\/2011\/11\/broderie-Bucker-IT-300x200.jpg\" width=\"300\" height=\"200\" \/><\/a><a href=\"http:\/\/www.alex-broderie.fr\/wp-content\/uploads\/2011\/11\/Broderie-bande-partonymique-2.jpg\"><img loading=\"lazy\" decoding=\"async\" class=\"alignnone size-medium wp-image-322\" alt=\"Broderie bande partonymique 2\" src=\"http:\/\/www.alex-broderie.fr\/wp-content\/uploads\/2011\/11\/Broderie-bande-partonymique-2-300x200.jpg\" width=\"300\" height=\"200\" \/><\/a>\u00a0 <a href=\"http:\/\/www.alex-broderie.fr\/wp-content\/uploads\/2011\/11\/Broderie-combinaison-de-vol-Bucker-21.jpg\"><img loading=\"lazy\" decoding=\"async\" class=\"alignnone size-medium wp-image-324\" alt=\"Broderie combinaison de vol Bucker 2\" src=\"http:\/\/www.alex-broderie.fr\/wp-content\/uploads\/2011\/11\/Broderie-combinaison-de-vol-Bucker-21-300x200.jpg\" width=\"300\" height=\"200\" \/><\/a>\u00a0<\/p>\n<p>\u00a0<a href=\"http:\/\/www.alex-broderie.fr\/wp-content\/uploads\/2011\/11\/Broderie-Bucker-2.jpg\"><img loading=\"lazy\" decoding=\"async\" class=\"alignnone size-medium wp-image-327\" alt=\"Broderie Bucker 2\" src=\"http:\/\/www.alex-broderie.fr\/wp-content\/uploads\/2011\/11\/Broderie-Bucker-2-300x200.jpg\" width=\"300\" height=\"200\" \/><\/a><\/p>\n<p>&nbsp;<\/p>\n<p><a href=\"http:\/\/www.alex-broderie.fr\/wp-content\/uploads\/2011\/11\/Broderie-bande-patronymique-Bucker-GT.jpg\"><img loading=\"lazy\" decoding=\"async\" class=\"alignnone size-medium wp-image-328\" alt=\"Broderie bande patronymique Bucker GT\" src=\"http:\/\/www.alex-broderie.fr\/wp-content\/uploads\/2011\/11\/Broderie-bande-patronymique-Bucker-GT-300x225.jpg\" width=\"300\" height=\"225\" \/><\/a> <a href=\"http:\/\/www.alex-broderie.fr\/wp-content\/uploads\/2011\/11\/Broderie-combinaison-de-vol-bucker-jungmann-serr\u00e9e.jpg\"><img loading=\"lazy\" decoding=\"async\" class=\"alignnone size-medium wp-image-329\" alt=\"Broderie combinaison de vol bucker jungmann serr\u00e9e\" src=\"http:\/\/www.alex-broderie.fr\/wp-content\/uploads\/2011\/11\/Broderie-combinaison-de-vol-bucker-jungmann-serr\u00e9e-225x300.jpg\" width=\"225\" height=\"300\" \/><\/a><\/p>\n<p>Et la m\u00eame en situation:<\/p>\n<p>&nbsp;<\/p>\n<p><a href=\"http:\/\/www.alex-broderie.fr\/wp-content\/uploads\/2011\/11\/Broderie-Bucker-Jungmann-TATRY.jpg\"><img loading=\"lazy\" decoding=\"async\" class=\"alignnone size-medium wp-image-323\" alt=\"Broderie Bucker Jungmann TATRY\" src=\"http:\/\/www.alex-broderie.fr\/wp-content\/uploads\/2011\/11\/Broderie-Bucker-Jungmann-TATRY-300x199.jpg\" width=\"300\" height=\"199\" \/><\/a><\/p>\n<p>Pour toute demande de devis, utilisez <a title=\"Me contacter\" href=\"http:\/\/www.alex-broderie.fr\/?page_id=13\">le formulaire de contact<\/a><\/p>\n","protected":false},"excerpt":{"rendered":"<p>Alex broderie se sp\u00e9cialise dans la personnalisation, entre autres, de combinaisons. Nous pouvons personnaliser\u00a0: Des bleus de travail destin\u00e9s \u00e0 des particuliers ou des associations, Des combinaisons de vol Des combinaisons en 100% coton \u00e0 usage multiple. Toutes les combinaisons que nous proposons sont soit en tissu traiter anti feu genre NOMEX, ou en 100% [&hellip;]<\/p>\n","protected":false},"author":2,"featured_media":0,"parent":10,"menu_order":0,"comment_status":"closed","ping_status":"closed","template":"","meta":{"footnotes":""},"class_list":["post-156","page","type-page","status-publish","hentry"],"_links":{"self":[{"href":"https:\/\/www.alex-broderie.fr\/index.php\/wp-json\/wp\/v2\/pages\/156","targetHints":{"allow":["GET"]}}],"collection":[{"href":"https:\/\/www.alex-broderie.fr\/index.php\/wp-json\/wp\/v2\/pages"}],"about":[{"href":"https:\/\/www.alex-broderie.fr\/index.php\/wp-json\/wp\/v2\/types\/page"}],"author":[{"embeddable":true,"href":"https:\/\/www.alex-broderie.fr\/index.php\/wp-json\/wp\/v2\/users\/2"}],"replies":[{"embeddable":true,"href":"https:\/\/www.alex-broderie.fr\/index.php\/wp-json\/wp\/v2\/comments?post=156"}],"version-history":[{"count":1,"href":"https:\/\/www.alex-broderie.fr\/index.php\/wp-json\/wp\/v2\/pages\/156\/revisions"}],"predecessor-version":[{"id":1759,"href":"https:\/\/www.alex-broderie.fr\/index.php\/wp-json\/wp\/v2\/pages\/156\/revisions\/1759"}],"up":[{"embeddable":true,"href":"https:\/\/www.alex-broderie.fr\/index.php\/wp-json\/wp\/v2\/pages\/10"}],"wp:attachment":[{"href":"https:\/\/www.alex-broderie.fr\/index.php\/wp-json\/wp\/v2\/media?parent=156"}],"curies":[{"name":"wp","href":"https:\/\/api.w.org\/{rel}","templated":true}]}}