{"id":10,"date":"2011-08-08T21:35:49","date_gmt":"2011-08-08T21:35:49","guid":{"rendered":"http:\/\/alex-broderie.nexenservices.com\/?page_id=10"},"modified":"2024-05-06T23:53:27","modified_gmt":"2024-05-06T21:53:27","slug":"comment-suis-je-equipe","status":"publish","type":"page","link":"https:\/\/www.alex-broderie.fr\/index.php\/accueil\/comment-suis-je-equipe\/","title":{"rendered":"Mon savoir-faire"},"content":{"rendered":"<p>Une prestation de broderie\u00a0se calcule par rapport \u00e0 tois crit\u00e8res\u00a0:<\/p>\n<ul>\n<li>Le support<\/li>\n<li>La r\u00e9alisation du dessin<\/li>\n<li>La r\u00e9alisation de la broderie<\/li>\n<\/ul>\n<h3>Le choix du support<\/h3>\n<p>Alex broderie\u00a0peut broder sur diff\u00e9rents types de supports :<\/p>\n<ul>\n<li>Casquettes, Bobs<\/li>\n<li>Linge de maison<\/li>\n<li>V\u00eatements<\/li>\n<li>Cuir<\/li>\n<li>Combinaisons de vol<\/li>\n<\/ul>\n<p>Alex broderie\u00a0dispose d&rsquo;un catalogue complet en termes de coloris.<\/p>\n<h3>La r\u00e9alisation du dessin<\/h3>\n<p>Pour ce qui est de la r\u00e9alisation du dessin,\u00a0alex-broderie\u00a0travaille \u00e0 partir de photos, de pdf, de dessins manuels.<\/p>\n<p>Alex broderie\u00a0dispose aussi d&rsquo;une biblioth\u00e8que de dessins pr\u00e9d\u00e9finis. Bien entendu l&rsquo;utilisation d&rsquo;un dessin d\u00e9j\u00e0 existant est moins ch\u00e8re que la r\u00e9alisation d&rsquo;un dessin original. Bien entendu, cette bibliot\u00e9que s&rsquo;agrandi de jour en jour avec les demandes successives.<\/p>\n<p>Si vous souhaitez un motif original que vous ne trouverez nul par ailleurs, il vous faudra alors demander l&rsquo;exclusivit\u00e9 du motif. C&rsquo;est possible mais une n\u00e9gociation commerciale sera necessaire. Dans tout autre cas, alex-broderie se reserve le droit d&rsquo;utiliser totalement ou partiellement les motifs demand\u00e9s.<\/p>\n<p>Si vous souhaitez faire executer un motif d&rsquo;une marque d\u00e9pos\u00e9e, il faudra avant que cela soit faisable obtenir l&rsquo;autorisation \u00e9crite du detenteur de la marque. La aussi alex-broderie peut vous aider mais il y aura probablement \u00a0des frais \u00e0 pr\u00e9voir, si tout fois la reproduction est autoris\u00e9e par le d\u00e9tenteur de la marque. Si alex-broderie n&rsquo;obtient pas l&rsquo;autorisation express du propri\u00e9taire de la marque, il n&rsquo;y aura pas de possibilit\u00e9 de r\u00e9alisation. C&rsquo;est de la contre fa\u00e7ons et le meilleur moyen de fermer boutique.<\/p>\n<p>Il possible d&rsquo;augmenter ou de r\u00e9duire la taille des dessins existants de de 20%. Au del\u00e0, il faut refaire le dessin.<\/p>\n<h3>La r\u00e9alisation de la broderie<\/h3>\n<p><a href=\"http:\/\/www.alex-broderie.fr\/wp-content\/uploads\/2011\/08\/tajima.jpg\"><img decoding=\"async\" class=\"alignleft  wp-image-16\" title=\"tajima\" src=\"http:\/\/www.alex-broderie.fr\/wp-content\/uploads\/2011\/08\/tajima.jpg\" alt=\"\" \/><\/a>Une fois que le dessin est termin\u00e9 et que le BAT (Bon \u00e0 tirer) est valid\u00e9\u00a0alex-broderie passe le dessin \u00e0 la machine.<\/p>\n<p>Pour les connaisseurs,\u00a0alex-broderie dispose d\u2019une machine \u00e0 broder de marque TAJIMA. de type \u00ab NEO2 \u00bbTEJT2-C1501 qui permet de de broder jusqu\u2019\u00e0 15 couleurs diff\u00e9rentes sur un champ de broderie de 50 centim\u00e8tres par 36 centim\u00e8tres maximum.<\/p>\n<p>La broderie est r\u00e9alis\u00e9e directement sur le support demand\u00e9. Le nombre de points composant la broderie entre en ligne de compte pour le prix de la prestation.<\/p>\n<h3>En r\u00e9sum\u00e9<\/h3>\n<p>Une prestation de broderie est tarif\u00e9e sur :<\/p>\n<ul>\n<li>Le type de dessin<\/li>\n<li>Le support<\/li>\n<li>La complexit\u00e9 du dessin (nombre de points de piq\u00fbre)<\/li>\n<li>Les frais de port<\/li>\n<\/ul>\n<p>Pour tout devis, contactez alex-broderie<\/p>\n\n\n<div class=\"wp-block-buttons is-layout-flex wp-block-buttons-is-layout-flex\">\n<div class=\"wp-block-button has-custom-width wp-block-button__width-50\"><a class=\"wp-block-button__link wp-element-button\" href=\"https:\/\/www.alex-broderie.fr\/index.php\/me-contacter\/\">CONTACTEZ-MOI<\/a><\/div>\n<\/div>\n","protected":false},"excerpt":{"rendered":"<p>Une prestation de broderie\u00a0se calcule par rapport \u00e0 tois crit\u00e8res\u00a0: Le support La r\u00e9alisation du dessin La r\u00e9alisation de la broderie Le choix du support Alex broderie\u00a0peut broder sur diff\u00e9rents types de supports : Casquettes, Bobs Linge de maison V\u00eatements Cuir Combinaisons de vol Alex broderie\u00a0dispose d&rsquo;un catalogue complet en termes de coloris. La r\u00e9alisation [&hellip;]<\/p>\n","protected":false},"author":2,"featured_media":0,"parent":305,"menu_order":0,"comment_status":"closed","ping_status":"closed","template":"","meta":{"footnotes":""},"class_list":["post-10","page","type-page","status-publish","hentry"],"_links":{"self":[{"href":"https:\/\/www.alex-broderie.fr\/index.php\/wp-json\/wp\/v2\/pages\/10","targetHints":{"allow":["GET"]}}],"collection":[{"href":"https:\/\/www.alex-broderie.fr\/index.php\/wp-json\/wp\/v2\/pages"}],"about":[{"href":"https:\/\/www.alex-broderie.fr\/index.php\/wp-json\/wp\/v2\/types\/page"}],"author":[{"embeddable":true,"href":"https:\/\/www.alex-broderie.fr\/index.php\/wp-json\/wp\/v2\/users\/2"}],"replies":[{"embeddable":true,"href":"https:\/\/www.alex-broderie.fr\/index.php\/wp-json\/wp\/v2\/comments?post=10"}],"version-history":[{"count":3,"href":"https:\/\/www.alex-broderie.fr\/index.php\/wp-json\/wp\/v2\/pages\/10\/revisions"}],"predecessor-version":[{"id":1776,"href":"https:\/\/www.alex-broderie.fr\/index.php\/wp-json\/wp\/v2\/pages\/10\/revisions\/1776"}],"up":[{"embeddable":true,"href":"https:\/\/www.alex-broderie.fr\/index.php\/wp-json\/wp\/v2\/pages\/305"}],"wp:attachment":[{"href":"https:\/\/www.alex-broderie.fr\/index.php\/wp-json\/wp\/v2\/media?parent=10"}],"curies":[{"name":"wp","href":"https:\/\/api.w.org\/{rel}","templated":true}]}}